{"id":866,"date":"2014-12-22T15:08:09","date_gmt":"2014-12-22T14:08:09","guid":{"rendered":"https:\/\/mandataire-auto.com\/guide\/?page_id=866"},"modified":"2016-03-03T14:56:30","modified_gmt":"2016-03-03T13:56:30","slug":"document-signer-mandataire","status":"publish","type":"page","link":"https:\/\/mandataire-auto.com\/guide\/document-signer-mandataire\/","title":{"rendered":"[Prot\u00e9gez-vous] Document \u00e0 faire signer \u00e0 votre mandataire !"},"content":{"rendered":"<p>Si vous \u00eates lecteur fid\u00e8le de Mandataire-auto.com, vous savez <strong>ce que vous risquez si vous achetez un v\u00e9hicule fraud\u00e9<\/strong> via un vendeur automobile fran\u00e7ais. (<a title=\"Importation : Les particuliers maintenant condamn\u00e9s pour la fraude \u00e0 la TVA des mandataires auto !\" href=\"https:\/\/mandataire-auto.com\/guide\/particuliers-condamnes-fraude-tva\/\" target=\"_blank\">lire notre article<\/a>).<\/p>\n<p>Vous avez \u00e9t\u00e9 nombreux \u00e0 nous contacter par mail ou sur <a href=\"http:\/\/forum.mandataire-auto.com\/\" target=\"_blank\">le forum<\/a> nous demandant des renseignements sur plusieurs mandataires fran\u00e7ais et pour l&rsquo;instant <strong>9 sur 10 sont consid\u00e9r\u00e9s comme fraudeurs<\/strong> ou suspect de fraude.<\/p>\n<p>Afin de vous pr\u00e9munir d&rsquo;un redressement fiscal dont vous pourriez faire l&rsquo;objet, nous avons d\u00e9cid\u00e9 d&rsquo;\u00e9tablir un document, \u00e0 faire remplir par votre mandataire, pour <strong>vous couvrir en cas de fraude av\u00e9r\u00e9e <\/strong>et avec un bonus<strong>. <\/strong>Le document est \u00e0 t\u00e9l\u00e9charger gratuitement ci-dessous.<\/p>\n<p>Si le professionnel ne souhaite pas remplir et signer ce document, m\u00e9fiez-vous ou passez clairement votre chemin. N&rsquo;h\u00e9sitez pas \u00e0 nous en faire part sur le forum.<br \/>\n<em>Nous pr\u00e9cisons que ce document est valable essentiellement pour l&rsquo;importation en France d&rsquo;un v\u00e9hicule d&rsquo;occasion (plus de 6 mois) se trouvant en Europe, mais \u00e9galement pour les v\u00e9hicules consid\u00e9r\u00e9s comme neuf par l&rsquo;administration fran\u00e7aise (moins de 6 mois ET moins de 6000km).<\/em><\/p>\n<p>Nous fournissons gratuitement ce document, nous demandons simplement un J&rsquo;aime sur notre <a href=\"https:\/\/www.facebook.com\/mandataireautocom\" target=\"_blank\">page Facebook<\/a> :<\/p>\n<div class=\"fb-like\" data-href=\"https:\/\/www.facebook.com\/mandataireautocom\/\" data-layout=\"standard\" data-action=\"like\" data-show-faces=\"true\" data-share=\"false\"><\/div>\n<p>&nbsp;<\/p>\n<h2 style=\"text-align: center;\">Merci pour votre soutien, le document est \u00e0 <span style=\"text-decoration: underline;\"><a href=\"http:\/\/goo.gl\/ShqgtP\" target=\"_blank\">t\u00e9l\u00e9charger ici<\/a><\/span>.<\/h2>\n<div id=\"fb-root\"><\/div>\n<p><script>(function(d, s, id) {\n  var js, fjs = d.getElementsByTagName(s)[0];\n  if (d.getElementById(id)) return;\n  js = d.createElement(s); js.id = id;\n  js.src = \"\/\/connect.facebook.net\/fr_FR\/sdk.js#xfbml=1&version=v2.5&appId=768577006534937\";\n  fjs.parentNode.insertBefore(js, fjs);\n}(document, 'script', 'facebook-jssdk'));<\/script><\/p>\n","protected":false},"excerpt":{"rendered":"<p>Si vous \u00eates lecteur fid\u00e8le de Mandataire-auto.com, vous savez ce que vous risquez si vous achetez un v\u00e9hicule fraud\u00e9 via un vendeur automobile fran\u00e7ais. (lire notre article). Vous avez \u00e9t\u00e9 nombreux \u00e0 nous contacter par mail ou sur le forum nous demandant des renseignements sur plusieurs mandataires fran\u00e7ais et pour l&rsquo;instant 9 sur 10 sont [&hellip;]<\/p>\n","protected":false},"author":1,"featured_media":0,"parent":0,"menu_order":0,"comment_status":"open","ping_status":"open","template":"","meta":{"footnotes":""},"class_list":["post-866","page","type-page","status-publish","hentry"],"aioseo_notices":[],"_links":{"self":[{"href":"https:\/\/mandataire-auto.com\/guide\/wp-json\/wp\/v2\/pages\/866","targetHints":{"allow":["GET"]}}],"collection":[{"href":"https:\/\/mandataire-auto.com\/guide\/wp-json\/wp\/v2\/pages"}],"about":[{"href":"https:\/\/mandataire-auto.com\/guide\/wp-json\/wp\/v2\/types\/page"}],"author":[{"embeddable":true,"href":"https:\/\/mandataire-auto.com\/guide\/wp-json\/wp\/v2\/users\/1"}],"replies":[{"embeddable":true,"href":"https:\/\/mandataire-auto.com\/guide\/wp-json\/wp\/v2\/comments?post=866"}],"version-history":[{"count":5,"href":"https:\/\/mandataire-auto.com\/guide\/wp-json\/wp\/v2\/pages\/866\/revisions"}],"predecessor-version":[{"id":1809,"href":"https:\/\/mandataire-auto.com\/guide\/wp-json\/wp\/v2\/pages\/866\/revisions\/1809"}],"wp:attachment":[{"href":"https:\/\/mandataire-auto.com\/guide\/wp-json\/wp\/v2\/media?parent=866"}],"curies":[{"name":"wp","href":"https:\/\/api.w.org\/{rel}","templated":true}]}}