{"id":1589,"date":"2015-12-15T18:19:59","date_gmt":"2015-12-15T17:19:59","guid":{"rendered":"https:\/\/mandataire-auto.com\/guide\/?page_id=1589"},"modified":"2021-03-05T08:17:46","modified_gmt":"2021-03-05T07:17:46","slug":"service-livraison","status":"publish","type":"page","link":"https:\/\/mandataire-auto.com\/guide\/service-livraison\/","title":{"rendered":"Service r\u00e9ception et livraison de vos v\u00e9hicules \u00e0 vos clients \u00e0 Strasbourg"},"content":{"rendered":"<p><em>Mandataire-auto.com est bas\u00e9 \u00e0 c\u00f4t\u00e9 de la fronti\u00e8re allemande, \u00e0 Strasbourg. Cette proximit\u00e9 avec l&rsquo;Allemagne nous permet de vous proposer un service de r\u00e9ception de vos importations par convoyeur ou camion et la livraison de vos v\u00e9hicules \u00e0 vos clients. Avec plusieurs centaines de v\u00e9hicules livr\u00e9s \u00e0 notre effectif, nous savons ce qu&rsquo;il faut faire ou ne pas faire lors d&rsquo;une livraison.\u00a0\u00a0<\/em><\/p>\n<p><em>Vous \u00eates mandataire, courtier, importateur et vous vous demandez pourquoi faire appel \u00e0 un service de livraison ? Pour optimiser vos co\u00fbts de transports !<\/em><\/p>\n<div id=\"attachment_1587\" style=\"width: 1010px\" class=\"wp-caption aligncenter\"><img decoding=\"async\" aria-describedby=\"caption-attachment-1587\" class=\"size-full wp-image-1587\" src=\"https:\/\/mandataire-auto.com\/guide\/wp-content\/uploads\/2015\/12\/service-livraison-mandataire-auto.jpg\" alt=\"reception et livraison v\u00e9hicules allemand\" width=\"1000\" height=\"666\" srcset=\"https:\/\/mandataire-auto.com\/guide\/wp-content\/uploads\/2015\/12\/service-livraison-mandataire-auto.jpg 1000w, https:\/\/mandataire-auto.com\/guide\/wp-content\/uploads\/2015\/12\/service-livraison-mandataire-auto-300x200.jpg 300w, https:\/\/mandataire-auto.com\/guide\/wp-content\/uploads\/2015\/12\/service-livraison-mandataire-auto-768x511.jpg 768w, https:\/\/mandataire-auto.com\/guide\/wp-content\/uploads\/2015\/12\/service-livraison-mandataire-auto-321x214.jpg 321w, https:\/\/mandataire-auto.com\/guide\/wp-content\/uploads\/2015\/12\/service-livraison-mandataire-auto-140x94.jpg 140w\" sizes=\"(max-width: 1000px) 100vw, 1000px\" \/><p id=\"caption-attachment-1587\" class=\"wp-caption-text\">Service de r\u00e9ception et livraison par Mandataire-auto.com<\/p><\/div>\n<h3>R\u00e9ception des v\u00e9hicules d&rsquo;occasions<\/h3>\n<p>La r\u00e9ception des v\u00e9hicules se fait du lundi au vendredi, directement dans nos locaux bas\u00e9s \u00e0 Strasbourg. Un parking gratuit de 100 places se trouve en face de nos bureaux, sur lequel vous pouvez stationner vos v\u00e9hicules en attentes de livraison. Vos convoyeurs ou transporteurs peuvent y laisser les v\u00e9hicules et nous retrouver en face, dans nos bureaux pour y laisser les cl\u00e9s et les documents des v\u00e9hicules.<\/p>\n<h4>Places de parking privatives et s\u00e9curis\u00e9es<\/h4>\n<div id=\"attachment_1586\" style=\"width: 1010px\" class=\"wp-caption aligncenter\"><img decoding=\"async\" aria-describedby=\"caption-attachment-1586\" class=\"size-full wp-image-1586\" src=\"https:\/\/mandataire-auto.com\/guide\/wp-content\/uploads\/2015\/12\/parking-securise.jpg\" alt=\"parking s\u00e9curis\u00e9 avec cam\u00e9ra\" width=\"1000\" height=\"439\" srcset=\"https:\/\/mandataire-auto.com\/guide\/wp-content\/uploads\/2015\/12\/parking-securise.jpg 1000w, https:\/\/mandataire-auto.com\/guide\/wp-content\/uploads\/2015\/12\/parking-securise-300x132.jpg 300w, https:\/\/mandataire-auto.com\/guide\/wp-content\/uploads\/2015\/12\/parking-securise-768x337.jpg 768w\" sizes=\"(max-width: 1000px) 100vw, 1000px\" \/><p id=\"caption-attachment-1586\" class=\"wp-caption-text\">parking sous vid\u00e9o surveillance<\/p><\/div>\n<p>Nous disposons de places de parking privatives et s\u00e9curis\u00e9es,\u00a0sur parking ext\u00e9rieur (ferm\u00e9)\u00a0ou dans un sous-sol sous nos bureaux. Les parkings sont s\u00e9curis\u00e9s et film\u00e9s <strong>24h\/24 et 7jours\/7<\/strong>. Une personne se trouve sur place et a acc\u00e8s aux cam\u00e9ras en permanence. Ne laissez pas vos v\u00e9hicules premium et haut de gamme n&rsquo;importe o\u00f9 ! Seulement 5% des v\u00e9hicules allemands ont des \u00e9crous antivol.<\/p>\n<h3>Vos v\u00e9hicules en transit<\/h3>\n<p>Comme pour la r\u00e9ception de vos v\u00e9hicules d&rsquo;occasions en provenance d&rsquo;Allemagne, vous avez des besoins de parking pour vos importations en attentes de livraison en France. Nous pouvons vous fournir un service de transmissions des cl\u00e9s et document au convoyeur qui livrera la voiture au client final en France. Nos bureaux sont s\u00e9curis\u00e9s et sous cam\u00e9ras en permanence.<\/p>\n<h3>Convoyage &#8211; rapatriement<\/h3>\n<div id=\"attachment_1585\" style=\"width: 1010px\" class=\"wp-caption aligncenter\"><img decoding=\"async\" aria-describedby=\"caption-attachment-1585\" class=\"size-full wp-image-1585\" src=\"https:\/\/mandataire-auto.com\/guide\/wp-content\/uploads\/2015\/12\/controle-vehicule-convoyeur.jpg\" alt=\"contr\u00f4le v\u00e9hicule par le convoyeur\" width=\"1000\" height=\"666\" srcset=\"https:\/\/mandataire-auto.com\/guide\/wp-content\/uploads\/2015\/12\/controle-vehicule-convoyeur.jpg 1000w, https:\/\/mandataire-auto.com\/guide\/wp-content\/uploads\/2015\/12\/controle-vehicule-convoyeur-300x200.jpg 300w, https:\/\/mandataire-auto.com\/guide\/wp-content\/uploads\/2015\/12\/controle-vehicule-convoyeur-768x511.jpg 768w, https:\/\/mandataire-auto.com\/guide\/wp-content\/uploads\/2015\/12\/controle-vehicule-convoyeur-321x214.jpg 321w, https:\/\/mandataire-auto.com\/guide\/wp-content\/uploads\/2015\/12\/controle-vehicule-convoyeur-140x94.jpg 140w\" sizes=\"(max-width: 1000px) 100vw, 1000px\" \/><p id=\"caption-attachment-1585\" class=\"wp-caption-text\">Contr\u00f4le du v\u00e9hicule par le convoyeur chez le vendeur allemand.<\/p><\/div>\n<p>Nous pouvons vous mettre en relation avec des convoyeurs, \u00e0 des tarifs d\u00e9j\u00e0 n\u00e9goci\u00e9s par Mandataire-auto.com. Les convoyeurs se d\u00e9placent n&rsquo;importe o\u00f9 en Allemagne, et proc\u00e8dent \u00e0 l&rsquo;inspection du v\u00e9hicule, chez le concessionnaire. Ils sont vos yeux !<br \/>\nles convoyeurs peuvent \u00e9galement livrer vos v\u00e9hicules sur votre parc ou directement chez votre client.<\/p>\n<h3>Services + Livraison du v\u00e9hicule \u00e0 votre client<\/h3>\n<p>&nbsp;<\/p>\n<div id=\"attachment_1582\" style=\"width: 1010px\" class=\"wp-caption aligncenter\"><img decoding=\"async\" aria-describedby=\"caption-attachment-1582\" class=\"size-full wp-image-1582\" src=\"https:\/\/mandataire-auto.com\/guide\/wp-content\/uploads\/2015\/12\/livraison-client.jpg\" alt=\"livraison v\u00e9hicule au client\" width=\"1000\" height=\"666\" srcset=\"https:\/\/mandataire-auto.com\/guide\/wp-content\/uploads\/2015\/12\/livraison-client.jpg 1000w, https:\/\/mandataire-auto.com\/guide\/wp-content\/uploads\/2015\/12\/livraison-client-300x200.jpg 300w, https:\/\/mandataire-auto.com\/guide\/wp-content\/uploads\/2015\/12\/livraison-client-768x511.jpg 768w, https:\/\/mandataire-auto.com\/guide\/wp-content\/uploads\/2015\/12\/livraison-client-321x214.jpg 321w, https:\/\/mandataire-auto.com\/guide\/wp-content\/uploads\/2015\/12\/livraison-client-140x94.jpg 140w\" sizes=\"(max-width: 1000px) 100vw, 1000px\" \/><p id=\"caption-attachment-1582\" class=\"wp-caption-text\">Livraison du v\u00e9hicule import\u00e9 \u00e0 votre client<\/p><\/div>\n<p>La livraison au client se fait du lundi au samedi, dans nos locaux \u00e0 Strasbourg. Voici ce que nous proposons comme service :<\/p>\n<ul>\n<li>\u00c9tablissement du certificat provisoire d&rsquo;immatriculation (CPI) &#8211; WW en pr\u00e9fecture.<\/li>\n<li>Achat des plaques WW en magasin<\/li>\n<li>Pose des plaques WW sur le v\u00e9hicule<\/li>\n<li>Recherche de\u00a0vos clients \u00e0 la gare de Strasbourg ou a\u00e9roport d&rsquo;Entzheim<\/li>\n<li>V\u00e9rification du ch\u00e8que de banque aupr\u00e8s de la banque de votre client (en amont de la livraison)<\/li>\n<li>Signature des documents administratifs \u00e0 votre client<\/li>\n<li>Transmission de votre facture, bon de livraison et autres documents<\/li>\n<li>V\u00e9rification du v\u00e9hicule avec le client<\/li>\n<li>Explication du v\u00e9hicule et \u00e9quipements \u00e0 votre\u00a0client<\/li>\n<li>Remise des cl\u00e9s au client<\/li>\n<li>Envois des documents chez vous par\u00a0courrier suivi<\/li>\n<\/ul>\n<h3>Vos avantages<\/h3>\n<p>Vous maitrisez et optimisez les co\u00fbts de vos transports tout en apportant un service professionnel \u00e0 vos clients.\u00a0Gain de temps non n\u00e9gligeable, cela vous permet de consacrer votre temps pour faire de nouvelles ventes.<\/p>\n<h3>Les services\u00a0\u00ab\u00a0image de marque\u00a0\u00bb<\/h3>\n<p>Diff\u00e9renciez-vous de vos concurrents. Vous proposez un service irr\u00e9prochable ? Mettez-le en avant ! Avec de petites choses, vous valorisez votre soci\u00e9t\u00e9 et votre service de mandataire\/importateur. Les commentaires \u00e9logieux sur les forums n&rsquo;arrivent pas par hasard, il faut\u00a0donner envie \u00e0 vos clients de parler de vous. Nous avons les cl\u00e9s pour vous permettre d&rsquo;augmenter votre notori\u00e9t\u00e9.<\/p>\n<ul>\n<li>Nettoyage ext\u00e9rieur du v\u00e9hicule<\/li>\n<li>Appoint en carburant<\/li>\n<li>Photos du v\u00e9hicule par un professionnel<\/li>\n<li>Vid\u00e9os du v\u00e9hicule par un professionnel<\/li>\n<li>Autocollant de votre soci\u00e9t\u00e9 appos\u00e9 sur l&rsquo;arri\u00e8re des v\u00e9hicules vendus<\/li>\n<li>Pochettes documents aux couleurs de votre soci\u00e9t\u00e9, remise au client lors de la livraison<\/li>\n<li>Porte-cl\u00e9s avec logo de votre soci\u00e9t\u00e9 + num\u00e9ro de t\u00e9l\u00e9phone<\/li>\n<li>Pochettes carte grise avec logo de votre soci\u00e9t\u00e9 + vos coordonn\u00e9es<\/li>\n<li>Cadeau client<\/li>\n<li>Site internet de votre soci\u00e9t\u00e9<\/li>\n<li>Articles sur votre soci\u00e9t\u00e9<\/li>\n<li>Communiqu\u00e9s de presse<\/li>\n<\/ul>\n<div id=\"attachment_1584\" style=\"width: 1010px\" class=\"wp-caption aligncenter\"><img decoding=\"async\" aria-describedby=\"caption-attachment-1584\" class=\"size-full wp-image-1584\" src=\"https:\/\/mandataire-auto.com\/guide\/wp-content\/uploads\/2015\/12\/photo-voiture-livraison.jpg\" alt=\"photo livraison v\u00e9hicule allemand\" width=\"1000\" height=\"667\" srcset=\"https:\/\/mandataire-auto.com\/guide\/wp-content\/uploads\/2015\/12\/photo-voiture-livraison.jpg 1000w, https:\/\/mandataire-auto.com\/guide\/wp-content\/uploads\/2015\/12\/photo-voiture-livraison-300x200.jpg 300w, https:\/\/mandataire-auto.com\/guide\/wp-content\/uploads\/2015\/12\/photo-voiture-livraison-768x512.jpg 768w, https:\/\/mandataire-auto.com\/guide\/wp-content\/uploads\/2015\/12\/photo-voiture-livraison-321x214.jpg 321w, https:\/\/mandataire-auto.com\/guide\/wp-content\/uploads\/2015\/12\/photo-voiture-livraison-140x94.jpg 140w\" sizes=\"(max-width: 1000px) 100vw, 1000px\" \/><p id=\"caption-attachment-1584\" class=\"wp-caption-text\">Exemple de photo prise par notre photographe professionnel \u00a9Mandataire-auto.com &#8211; Press-Agrum<\/p><\/div>\n<h3>Tarifs<\/h3>\n<p>Sur devis uniquement, selon vos besoins.<\/p>\n<div>\n<div class=\"font_preload\" style=\"opacity: 0;\"><\/div>\n<\/div>\n","protected":false},"excerpt":{"rendered":"<p>Mandataire-auto.com est bas\u00e9 \u00e0 c\u00f4t\u00e9 de la fronti\u00e8re allemande, \u00e0 Strasbourg. Cette proximit\u00e9 avec l&rsquo;Allemagne nous permet de vous proposer un service de r\u00e9ception de vos importations par convoyeur ou camion et la livraison de vos v\u00e9hicules \u00e0 vos clients. Avec plusieurs centaines de v\u00e9hicules livr\u00e9s \u00e0 notre effectif, nous savons ce qu&rsquo;il faut faire [&hellip;]<\/p>\n","protected":false},"author":1,"featured_media":1582,"parent":0,"menu_order":0,"comment_status":"closed","ping_status":"closed","template":"page-full.php","meta":{"footnotes":""},"class_list":["post-1589","page","type-page","status-publish","has-post-thumbnail","hentry"],"aioseo_notices":[],"_links":{"self":[{"href":"https:\/\/mandataire-auto.com\/guide\/wp-json\/wp\/v2\/pages\/1589","targetHints":{"allow":["GET"]}}],"collection":[{"href":"https:\/\/mandataire-auto.com\/guide\/wp-json\/wp\/v2\/pages"}],"about":[{"href":"https:\/\/mandataire-auto.com\/guide\/wp-json\/wp\/v2\/types\/page"}],"author":[{"embeddable":true,"href":"https:\/\/mandataire-auto.com\/guide\/wp-json\/wp\/v2\/users\/1"}],"replies":[{"embeddable":true,"href":"https:\/\/mandataire-auto.com\/guide\/wp-json\/wp\/v2\/comments?post=1589"}],"version-history":[{"count":5,"href":"https:\/\/mandataire-auto.com\/guide\/wp-json\/wp\/v2\/pages\/1589\/revisions"}],"predecessor-version":[{"id":26854,"href":"https:\/\/mandataire-auto.com\/guide\/wp-json\/wp\/v2\/pages\/1589\/revisions\/26854"}],"wp:featuredmedia":[{"embeddable":true,"href":"https:\/\/mandataire-auto.com\/guide\/wp-json\/wp\/v2\/media\/1582"}],"wp:attachment":[{"href":"https:\/\/mandataire-auto.com\/guide\/wp-json\/wp\/v2\/media?parent=1589"}],"curies":[{"name":"wp","href":"https:\/\/api.w.org\/{rel}","templated":true}]}}